{"id":734,"date":"2019-01-23T04:34:41","date_gmt":"2019-01-23T01:34:41","guid":{"rendered":"https:\/\/samariteni.ro\/surgossegi-orvosi-segitsegnyujtas-muveszeti-kulturalis-es-sportesemenyeken\/"},"modified":"2024-12-03T11:28:49","modified_gmt":"2024-12-03T08:28:49","slug":"surgossegi-orvosi-segitsegnyujtas-muveszeti-kulturalis-es-sportesemenyeken","status":"publish","type":"page","link":"https:\/\/samariteni.ro\/hu\/surgossegi-orvosi-segitsegnyujtas-muveszeti-kulturalis-es-sportesemenyeken\/","title":{"rendered":"S\u00fcrg\u0151ss\u00e9gi orvosi seg\u00edts\u00e9gny\u00fajt\u00e1s m\u0171v\u00e9szeti, kultur\u00e1lis \u00e9s sportesem\u00e9nyeken"},"content":{"rendered":"\n<p class=\"has-text-align-left\" style=\"font-size:24px\"><br\/>Kollekt\u00edv orvosi seg\u00edts\u00e9gny\u00fajt\u00e1si szolg\u00e1ltat\u00e1sokat ny\u00fajtunk m\u0171v\u00e9szeti, kultur\u00e1lis, sport-, oktat\u00e1si \u00e9s m\u0171v\u00e9szeti tev\u00e9kenys\u00e9gekhez. A sport-, m\u0171v\u00e9szeti \u00e9s kultur\u00e1lis rendezv\u00e9nyek orvosi seg\u00edts\u00e9gny\u00fajt\u00e1sa teljes orvosi csapattal t\u00f6rt\u00e9nik, a szervez\u0151k ig\u00e9nyei \u00e9s a vel\u00fck k\u00f6t\u00f6tt szerz\u0151d\u00e9s szerint. Minden egyes szerz\u0151d\u00e9s a c\u00e9lnak \u00e9s a r\u00e9sztvev\u0151k sz\u00e1m\u00e1nak megfelel\u0151en szem\u00e9lyre szabott. A tapasztalatok, amelyeket azokkal szerezt\u00fcnk, akiknek partnerei voltunk a sz\u00e1mos rendezv\u00e9nyen, amelyeken s\u00fcrg\u0151ss\u00e9gi orvosi csapatokkal vett\u00fcnk r\u00e9szt, egyre professzion\u00e1lisabb\u00e1 tettek benn\u00fcnket.  <\/p>\n\n<p><\/p>\n\n<p><\/p>\n","protected":false},"excerpt":{"rendered":"<p>Kollekt\u00edv orvosi seg\u00edts\u00e9gny\u00fajt\u00e1si szolg\u00e1ltat\u00e1sokat ny\u00fajtunk m\u0171v\u00e9szeti, kultur\u00e1lis, sport-, oktat\u00e1si \u00e9s m\u0171v\u00e9szeti tev\u00e9kenys\u00e9gekhez. A sport-, m\u0171v\u00e9szeti \u00e9s kultur\u00e1lis rendezv\u00e9nyek orvosi seg\u00edts\u00e9gny\u00fajt\u00e1sa teljes orvosi csapattal t\u00f6rt\u00e9nik, a szervez\u0151k ig\u00e9nyei \u00e9s a vel\u00fck k\u00f6t\u00f6tt szerz\u0151d\u00e9s szerint. Minden egyes szerz\u0151d\u00e9s a c\u00e9lnak \u00e9s a r\u00e9sztvev\u0151k sz\u00e1m\u00e1nak megfelel\u0151en szem\u00e9lyre szabott.&hellip;<\/p>\n","protected":false},"author":1,"featured_media":719,"parent":0,"menu_order":0,"comment_status":"open","ping_status":"closed","template":"","meta":{"footnotes":""},"class_list":["post-734","page","type-page","status-publish","has-post-thumbnail","hentry"],"_links":{"self":[{"href":"https:\/\/samariteni.ro\/hu\/wp-json\/wp\/v2\/pages\/734","targetHints":{"allow":["GET"]}}],"collection":[{"href":"https:\/\/samariteni.ro\/hu\/wp-json\/wp\/v2\/pages"}],"about":[{"href":"https:\/\/samariteni.ro\/hu\/wp-json\/wp\/v2\/types\/page"}],"author":[{"embeddable":true,"href":"https:\/\/samariteni.ro\/hu\/wp-json\/wp\/v2\/users\/1"}],"replies":[{"embeddable":true,"href":"https:\/\/samariteni.ro\/hu\/wp-json\/wp\/v2\/comments?post=734"}],"version-history":[{"count":4,"href":"https:\/\/samariteni.ro\/hu\/wp-json\/wp\/v2\/pages\/734\/revisions"}],"predecessor-version":[{"id":770,"href":"https:\/\/samariteni.ro\/hu\/wp-json\/wp\/v2\/pages\/734\/revisions\/770"}],"wp:featuredmedia":[{"embeddable":true,"href":"https:\/\/samariteni.ro\/hu\/wp-json\/wp\/v2\/media\/719"}],"wp:attachment":[{"href":"https:\/\/samariteni.ro\/hu\/wp-json\/wp\/v2\/media?parent=734"}],"curies":[{"name":"wp","href":"https:\/\/api.w.org\/{rel}","templated":true}]}}