{"id":736,"date":"2019-01-23T08:50:10","date_gmt":"2019-01-23T05:50:10","guid":{"rendered":"https:\/\/samariteni.ro\/kapcsolatfelvetel\/"},"modified":"2025-03-06T12:56:33","modified_gmt":"2025-03-06T09:56:33","slug":"kapcsolatfelvetel","status":"publish","type":"page","link":"https:\/\/samariteni.ro\/hu\/kapcsolatfelvetel\/","title":{"rendered":"Kapcsolatfelv\u00e9tel"},"content":{"rendered":"\n<iframe src=\"https:\/\/www.google.com\/maps\/embed?pb=!1m18!1m12!1m3!1d660.4944703395685!2d24.52109706962925!3d46.51494002109644!2m3!1f0!2f0!3f0!3m2!1i1024!2i768!4f13.1!3m3!1m2!1s0x474bb7fa00bc3179%3A0x6c07da2e9b330c50!2sStrada%20Duzilor%204%2C%20T%C3%A2rgu%20Mure%C8%99!5e1!3m2!1sro!2sro!4v1704576861491!5m2!1sro!2sro\" width=\"1100\" height=\"450\" style=\"border:0;\" allowfullscreen=\"\" loading=\"lazy\" referrerpolicy=\"no-referrer-when-downgrade\"><\/iframe>\n\n<p>Ha a lehet\u0151 leghamarabb szeretne kapcsolatba l\u00e9pni vel\u00fcnk, h\u00edvjon minket a 0365 992-es telefonsz\u00e1mon vagy a info@samariteni.ro e-mail c\u00edmen.<\/p>\n\n<h3 class=\"wp-block-heading\">Kapcsolat Rapid  <\/h3>\n<p class=\"wpcf7-contact-form-not-found\"><strong>Hiba:<\/strong> Kapcsolatfelv\u00e9teli \u0171rlap nem tal\u00e1lhat\u00f3.<\/p>\n","protected":false},"excerpt":{"rendered":"<p>Ha a lehet\u0151 leghamarabb szeretne kapcsolatba l\u00e9pni vel\u00fcnk, h\u00edvjon minket a 0365 992-es telefonsz\u00e1mon vagy a info@samariteni.ro e-mail c\u00edmen. Kapcsolat Rapid<\/p>\n","protected":false},"author":2,"featured_media":733,"parent":0,"menu_order":0,"comment_status":"closed","ping_status":"closed","template":"","meta":{"footnotes":""},"class_list":["post-736","page","type-page","status-publish","has-post-thumbnail","hentry"],"_links":{"self":[{"href":"https:\/\/samariteni.ro\/hu\/wp-json\/wp\/v2\/pages\/736","targetHints":{"allow":["GET"]}}],"collection":[{"href":"https:\/\/samariteni.ro\/hu\/wp-json\/wp\/v2\/pages"}],"about":[{"href":"https:\/\/samariteni.ro\/hu\/wp-json\/wp\/v2\/types\/page"}],"author":[{"embeddable":true,"href":"https:\/\/samariteni.ro\/hu\/wp-json\/wp\/v2\/users\/2"}],"replies":[{"embeddable":true,"href":"https:\/\/samariteni.ro\/hu\/wp-json\/wp\/v2\/comments?post=736"}],"version-history":[{"count":5,"href":"https:\/\/samariteni.ro\/hu\/wp-json\/wp\/v2\/pages\/736\/revisions"}],"predecessor-version":[{"id":870,"href":"https:\/\/samariteni.ro\/hu\/wp-json\/wp\/v2\/pages\/736\/revisions\/870"}],"wp:featuredmedia":[{"embeddable":true,"href":"https:\/\/samariteni.ro\/hu\/wp-json\/wp\/v2\/media\/733"}],"wp:attachment":[{"href":"https:\/\/samariteni.ro\/hu\/wp-json\/wp\/v2\/media?parent=736"}],"curies":[{"name":"wp","href":"https:\/\/api.w.org\/{rel}","templated":true}]}}