{"id":738,"date":"2024-09-17T19:26:52","date_gmt":"2024-09-17T16:26:52","guid":{"rendered":"https:\/\/samariteni.ro\/elsosegely-tanfolyamok\/"},"modified":"2024-12-03T11:47:59","modified_gmt":"2024-12-03T08:47:59","slug":"elsosegely-tanfolyamok","status":"publish","type":"page","link":"https:\/\/samariteni.ro\/hu\/elsosegely-tanfolyamok\/","title":{"rendered":"Els\u0151seg\u00e9ly tanfolyamok"},"content":{"rendered":"\n<p>  Mi\u00e9rt fontos tudni, hogyan kell helyesen els\u0151seg\u00e9lyt ny\u00fajtani?  <\/p>\n\n\n\n<p>Mert sok helyzetben tudunk els\u0151seg\u00e9lyt ny\u00fajtani:  <\/p>\n\n\n\n<ul class=\"wp-block-list\">\n<li>a munkahelyen<\/li>\n\n\n\n<li>nyilv\u00e1nos helyeken: utc\u00e1n, bev\u00e1s\u00e1rl\u00f3k\u00f6zpontban, moziban, parkban stb.<\/li>\n\n\n\n<li>otthon<br><br>Az eur\u00f3pai statisztik\u00e1k szerint 45 m\u00e1sodpercenk\u00e9nt egy ember szenved sz\u00edv- \u00e9s t\u00fcd\u0151le\u00e1ll\u00e1st. Ez a szem\u00e9ly lehet egy koll\u00e9ga, egy ismer\u0151s vagy ak\u00e1r egy szerett\u00fcnk. Ez\u00e9rt nagyon fontos, hogy tudjuk, hogyan kell helyesen els\u0151seg\u00e9lyt ny\u00fajtani. Min\u00e9l hamarabb cseleksz\u00fcnk, ann\u00e1l nagyobb az es\u00e9lye annak, hogy az \u00e1ldozat t\u00fal\u00e9li, \u00e9s nagyon fontos, hogy els\u0151seg\u00e9lyt ny\u00fajtsunk a szakk\u00e9pzett eg\u00e9szs\u00e9g\u00fcgyi szem\u00e9lyzet meg\u00e9rkez\u00e9s\u00e9ig.<\/li>\n<\/ul>\n\n\n\n<p>Kiknek sz\u00f3lnak ezek a tanfolyamok?<\/p>\n\n\n\n<p>Minden olyan v\u00e1llalat, amely szeretn\u00e9 csapat\u00e1t els\u0151seg\u00e9lyny\u00fajt\u00e1sb\u00f3l k\u00e9pezni, de olyan mag\u00e1nszem\u00e9lyek is, akik szeretn\u00e9k megtanulni, hogyan kell els\u0151seg\u00e9lyt ny\u00fajtani a legkorrektebb, interakt\u00edv \u00e9s kih\u00edv\u00e1st jelent\u0151 m\u00f3don, val\u00f3s idej\u0171 visszajelz\u00e9st ad\u00f3 pr\u00f3bab\u00e1buk seg\u00edts\u00e9g\u00e9vel, az Eur\u00f3pai \u00dajra\u00e9leszt\u00e9si Tan\u00e1cs \/ Rom\u00e1n Nemzeti \u00dajra\u00e9leszt\u00e9si Tan\u00e1cs oktat\u00f3inak vezet\u00e9s\u00e9vel.<\/p>\n\n\n\n<p>95\/2006 rom\u00e1n t\u00f6rv\u00e9ny  <\/p>\n\n\n\n<p>ART.<br>94. (1) Az orvosi k\u00e9pzetts\u00e9ggel nem rendelkez\u0151 szem\u00e9lyek, akik \u00f6nk\u00e9ntesen, az eg\u00e9szs\u00e9g\u00fcgyi diszp\u00e9cser \u00e1ltal adott jelz\u00e9sek alapj\u00e1n vagy az els\u0151seg\u00e9lyny\u00fajt\u00e1s ter\u00fclet\u00e9n szerzett ismereteik alapj\u00e1n, j\u00f3hiszem\u0171en \u00e9s a szem\u00e9ly \u00e9let\u00e9nek vagy eg\u00e9szs\u00e9g\u00e9nek megment\u00e9se \u00e9rdek\u00e9ben elj\u00e1rva ny\u00fajtanak alapvet\u0151 els\u0151seg\u00e9lyt, nem vonhat\u00f3k b\u00fcntet\u0151jogi vagy polg\u00e1ri jogi felel\u0151ss\u00e9gre.<\/p>\n\n\n\n<p>316 \/2006 t\u00f6rv\u00e9ny<br>3. szakasz<\/p>\n\n\n\n<p>Els\u0151seg\u00e9lyny\u00fajt\u00e1s, t\u0171zolt\u00e1s, munkav\u00e1llal\u00f3k evaku\u00e1l\u00e1sa, s\u00falyos \u00e9s k\u00f6zvetlen vesz\u00e9ly eset\u00e9n<br>10. cikk<\/p>\n\n\n\n<p>(1) A munk\u00e1ltat\u00f3nak a k\u00f6vetkez\u0151 k\u00f6telezetts\u00e9gei vannak:a) meg kell hoznia a munkav\u00e1llal\u00f3k els\u0151seg\u00e9lyny\u00fajt\u00e1s\u00e1hoz, t\u0171zolt\u00e1s\u00e1hoz \u00e9s evaku\u00e1l\u00e1s\u00e1hoz sz\u00fcks\u00e9ges int\u00e9zked\u00e9seket, amelyek igazodnak a tev\u00e9kenys\u00e9g jelleg\u00e9hez \u00e9s a v\u00e1llalkoz\u00e1s \u00e9s\/vagy l\u00e9tes\u00edtm\u00e9ny m\u00e9ret\u00e9hez, figyelembe v\u00e9ve a t\u00f6bbi jelenl\u00e9v\u0151 szem\u00e9lyt;b) meg kell teremtenie a sz\u00fcks\u00e9ges kapcsolatot a szakszolg\u00e1latokkal, k\u00fcl\u00f6n\u00f6sen az els\u0151seg\u00e9lyny\u00fajt\u00f3, a s\u00fcrg\u0151ss\u00e9gi orvosi szolg\u00e1lat, a ment\u0151- \u00e9s t\u0171zolt\u00f3szolg\u00e1latokkal.<\/p>\n\n\n\n<p>(2) A (2) bekezd\u00e9s rendelkez\u00e9seinek alkalmaz\u00e1s\u00e1hoz a (2) bekezd\u00e9s. (1), a munk\u00e1ltat\u00f3nak ki kell jel\u00f6lnie azokat a munkav\u00e1llal\u00f3kat, akik els\u0151seg\u00e9lyny\u00fajt\u00e1si, t\u0171zolt\u00e1si \u00e9s evaku\u00e1l\u00e1si int\u00e9zked\u00e9seket alkalmaznak.<\/p>\n\n\n\n<p>(3) A munkav\u00e1llal\u00f3knak a (3) bekezd\u00e9sben eml\u00edtett sz\u00e1ma. (2), k\u00e9pz\u00e9s\u00fcknek \u00e9s a rendelkez\u00e9s\u00fckre bocs\u00e1tott felszerel\u00e9snek meg kell felelnie a v\u00e1llalkoz\u00e1sra \u00e9s\/vagy l\u00e9tes\u00edtm\u00e9nyre jellemz\u0151 m\u00e9retnek \u00e9s\/vagy kock\u00e1zatoknak.<\/p>\n\n\n\n\n\n<figure class=\"wp-block-image aligncenter size-large\"><img decoding=\"async\" width=\"522\" height=\"1024\" src=\"https:\/\/samariteni.ro\/wp-content\/uploads\/2024\/09\/curs-522x1024.jpg\" alt=\"\" class=\"wp-image-563\" title=\"\" srcset=\"https:\/\/samariteni.ro\/wp-content\/uploads\/2024\/09\/curs-522x1024.jpg 522w, https:\/\/samariteni.ro\/wp-content\/uploads\/2024\/09\/curs-153x300.jpg 153w, https:\/\/samariteni.ro\/wp-content\/uploads\/2024\/09\/curs-768x1507.jpg 768w, https:\/\/samariteni.ro\/wp-content\/uploads\/2024\/09\/curs-783x1536.jpg 783w, https:\/\/samariteni.ro\/wp-content\/uploads\/2024\/09\/curs-600x1177.jpg 600w, https:\/\/samariteni.ro\/wp-content\/uploads\/2024\/09\/curs.jpg 1044w\" sizes=\"(max-width: 522px) 100vw, 522px\" \/><\/figure>\n","protected":false},"excerpt":{"rendered":"<p>Mi\u00e9rt fontos tudni, hogyan kell helyesen els\u0151seg\u00e9lyt ny\u00fajtani? Mert sok helyzetben tudunk els\u0151seg\u00e9lyt ny\u00fajtani: Kiknek sz\u00f3lnak ezek a tanfolyamok? Minden olyan v\u00e1llalat, amely szeretn\u00e9 csapat\u00e1t els\u0151seg\u00e9lyny\u00fajt\u00e1sb\u00f3l k\u00e9pezni, de olyan mag\u00e1nszem\u00e9lyek is, akik szeretn\u00e9k megtanulni, hogyan kell els\u0151seg\u00e9lyt ny\u00fajtani a legkorrektebb, interakt\u00edv \u00e9s kih\u00edv\u00e1st jelent\u0151 m\u00f3don,&hellip;<\/p>\n","protected":false},"author":2,"featured_media":726,"parent":0,"menu_order":0,"comment_status":"closed","ping_status":"closed","template":"","meta":{"footnotes":""},"class_list":["post-738","page","type-page","status-publish","has-post-thumbnail","hentry"],"_links":{"self":[{"href":"https:\/\/samariteni.ro\/hu\/wp-json\/wp\/v2\/pages\/738","targetHints":{"allow":["GET"]}}],"collection":[{"href":"https:\/\/samariteni.ro\/hu\/wp-json\/wp\/v2\/pages"}],"about":[{"href":"https:\/\/samariteni.ro\/hu\/wp-json\/wp\/v2\/types\/page"}],"author":[{"embeddable":true,"href":"https:\/\/samariteni.ro\/hu\/wp-json\/wp\/v2\/users\/2"}],"replies":[{"embeddable":true,"href":"https:\/\/samariteni.ro\/hu\/wp-json\/wp\/v2\/comments?post=738"}],"version-history":[{"count":6,"href":"https:\/\/samariteni.ro\/hu\/wp-json\/wp\/v2\/pages\/738\/revisions"}],"predecessor-version":[{"id":794,"href":"https:\/\/samariteni.ro\/hu\/wp-json\/wp\/v2\/pages\/738\/revisions\/794"}],"wp:featuredmedia":[{"embeddable":true,"href":"https:\/\/samariteni.ro\/hu\/wp-json\/wp\/v2\/media\/726"}],"wp:attachment":[{"href":"https:\/\/samariteni.ro\/hu\/wp-json\/wp\/v2\/media?parent=738"}],"curies":[{"name":"wp","href":"https:\/\/api.w.org\/{rel}","templated":true}]}}