{"id":743,"date":"2024-01-09T10:53:11","date_gmt":"2024-01-09T07:53:11","guid":{"rendered":"https:\/\/samariteni.ro\/escorta-medicala-aeriana\/"},"modified":"2024-12-03T11:49:43","modified_gmt":"2024-12-03T08:49:43","slug":"escorta-medicala-aeriana","status":"publish","type":"page","link":"https:\/\/samariteni.ro\/hu\/escorta-medicala-aeriana\/","title":{"rendered":"L\u00e9gi orvosi k\u00eds\u00e9ret"},"content":{"rendered":"\n<h2 class=\"wp-block-heading has-text-align-center\">L\u00e9gi sz\u00e1ll\u00edt\u00e1s<\/h2>\n\n\n\n<p>Ez egy speci\u00e1lis orvosi sz\u00e1ll\u00edt\u00e1si szolg\u00e1ltat\u00e1s egy hemodinamikailag stabil beteg sz\u00e1m\u00e1ra, akit a rep\u00fcl\u00e9s sor\u00e1n v\u00e9gig orvosi szakember k\u00eds\u00e9r! Ezt a sz\u00e1ll\u00edt\u00e1si form\u00e1t a menetrend szerinti l\u00e9git\u00e1rsas\u00e1gok v\u00e9gzik ! A rep\u00fcl\u00e9s sor\u00e1n az eg\u00e9szs\u00e9g\u00fcgyi szem\u00e9lyzet v\u00e9gig figyelemmel k\u00eds\u00e9ri a beteg sz\u00fcks\u00e9gleteit, akinek \u00e9letfunkci\u00f3it folyamatosan ellen\u0151rzik! Megeml\u00edthet\u00fcnk n\u00e9h\u00e1ny orvosi k\u00eds\u00e9rettel t\u00f6rt\u00e9n\u0151 hazasz\u00e1ll\u00edt\u00e1st olyan orsz\u00e1gokb\u00f3l, mint Ausztria , Anglia , Thaif\u00f6ld , Spanyolorsz\u00e1g , Portug\u00e1lia , Olaszorsz\u00e1g .<\/p>\n\n\n\n<div class=\"wp-block-group is-content-justification-left is-nowrap is-layout-flex wp-container-core-group-is-layout-fc9f69e7 wp-block-group-is-layout-flex\">\n<figure class=\"wp-block-gallery has-nested-images columns-default is-cropped wp-block-gallery-1 is-layout-flex wp-block-gallery-is-layout-flex\">\n<figure class=\"wp-block-image size-large\"><img decoding=\"async\" width=\"960\" height=\"720\" data-id=\"393\" src=\"https:\/\/samariteni.ro\/wp-content\/uploads\/2024\/01\/IMG-20240109-WA0009-1.jpg\" alt=\"\" class=\"wp-image-393\" title=\"\" srcset=\"https:\/\/samariteni.ro\/wp-content\/uploads\/2024\/01\/IMG-20240109-WA0009-1.jpg 960w, https:\/\/samariteni.ro\/wp-content\/uploads\/2024\/01\/IMG-20240109-WA0009-1-300x225.jpg 300w, https:\/\/samariteni.ro\/wp-content\/uploads\/2024\/01\/IMG-20240109-WA0009-1-768x576.jpg 768w, https:\/\/samariteni.ro\/wp-content\/uploads\/2024\/01\/IMG-20240109-WA0009-1-600x450.jpg 600w\" sizes=\"(max-width: 960px) 100vw, 960px\" \/><\/figure>\n\n\n\n<figure class=\"wp-block-image size-large\"><img decoding=\"async\" width=\"576\" height=\"1024\" data-id=\"396\" src=\"https:\/\/samariteni.ro\/wp-content\/uploads\/2024\/01\/IMG-20240109-WA0010-1.jpg\" alt=\"\" class=\"wp-image-396\" title=\"\" srcset=\"https:\/\/samariteni.ro\/wp-content\/uploads\/2024\/01\/IMG-20240109-WA0010-1.jpg 576w, https:\/\/samariteni.ro\/wp-content\/uploads\/2024\/01\/IMG-20240109-WA0010-1-169x300.jpg 169w\" sizes=\"(max-width: 576px) 100vw, 576px\" \/><\/figure>\n\n\n\n<figure class=\"wp-block-image size-large\"><img decoding=\"async\" width=\"960\" height=\"720\" data-id=\"394\" src=\"https:\/\/samariteni.ro\/wp-content\/uploads\/2024\/01\/IMG-20240109-WA0011-1.jpg\" alt=\"\" class=\"wp-image-394\" title=\"\" srcset=\"https:\/\/samariteni.ro\/wp-content\/uploads\/2024\/01\/IMG-20240109-WA0011-1.jpg 960w, https:\/\/samariteni.ro\/wp-content\/uploads\/2024\/01\/IMG-20240109-WA0011-1-300x225.jpg 300w, https:\/\/samariteni.ro\/wp-content\/uploads\/2024\/01\/IMG-20240109-WA0011-1-768x576.jpg 768w, https:\/\/samariteni.ro\/wp-content\/uploads\/2024\/01\/IMG-20240109-WA0011-1-600x450.jpg 600w\" sizes=\"(max-width: 960px) 100vw, 960px\" \/><\/figure>\n\n\n\n<figure class=\"wp-block-image size-large\"><img decoding=\"async\" width=\"960\" height=\"720\" data-id=\"395\" src=\"https:\/\/samariteni.ro\/wp-content\/uploads\/2024\/01\/IMG-20240109-WA0012.jpg\" alt=\"\" class=\"wp-image-395\" title=\"\" srcset=\"https:\/\/samariteni.ro\/wp-content\/uploads\/2024\/01\/IMG-20240109-WA0012.jpg 960w, https:\/\/samariteni.ro\/wp-content\/uploads\/2024\/01\/IMG-20240109-WA0012-300x225.jpg 300w, https:\/\/samariteni.ro\/wp-content\/uploads\/2024\/01\/IMG-20240109-WA0012-768x576.jpg 768w, https:\/\/samariteni.ro\/wp-content\/uploads\/2024\/01\/IMG-20240109-WA0012-600x450.jpg 600w\" sizes=\"(max-width: 960px) 100vw, 960px\" \/><\/figure>\n\n\n\n<figure class=\"wp-block-image size-large\"><img decoding=\"async\" width=\"1024\" height=\"640\" data-id=\"398\" src=\"https:\/\/samariteni.ro\/wp-content\/uploads\/2024\/01\/IMG-20240109-WA0013.jpg\" alt=\"\" class=\"wp-image-398\" title=\"\" srcset=\"https:\/\/samariteni.ro\/wp-content\/uploads\/2024\/01\/IMG-20240109-WA0013.jpg 1024w, https:\/\/samariteni.ro\/wp-content\/uploads\/2024\/01\/IMG-20240109-WA0013-300x188.jpg 300w, https:\/\/samariteni.ro\/wp-content\/uploads\/2024\/01\/IMG-20240109-WA0013-768x480.jpg 768w, https:\/\/samariteni.ro\/wp-content\/uploads\/2024\/01\/IMG-20240109-WA0013-600x375.jpg 600w\" sizes=\"(max-width: 1024px) 100vw, 1024px\" \/><\/figure>\n\n\n\n<figure class=\"wp-block-image size-large\"><img decoding=\"async\" width=\"960\" height=\"720\" data-id=\"397\" src=\"https:\/\/samariteni.ro\/wp-content\/uploads\/2024\/01\/IMG-20240109-WA0014.jpg\" alt=\"\" class=\"wp-image-397\" title=\"\" srcset=\"https:\/\/samariteni.ro\/wp-content\/uploads\/2024\/01\/IMG-20240109-WA0014.jpg 960w, https:\/\/samariteni.ro\/wp-content\/uploads\/2024\/01\/IMG-20240109-WA0014-300x225.jpg 300w, https:\/\/samariteni.ro\/wp-content\/uploads\/2024\/01\/IMG-20240109-WA0014-768x576.jpg 768w, https:\/\/samariteni.ro\/wp-content\/uploads\/2024\/01\/IMG-20240109-WA0014-600x450.jpg 600w\" sizes=\"(max-width: 960px) 100vw, 960px\" \/><\/figure>\n\n\n\n<figure class=\"wp-block-image size-large\"><img decoding=\"async\" width=\"1024\" height=\"640\" data-id=\"399\" src=\"https:\/\/samariteni.ro\/wp-content\/uploads\/2024\/01\/IMG-20240109-WA0015.jpg\" alt=\"\" class=\"wp-image-399\" title=\"\" srcset=\"https:\/\/samariteni.ro\/wp-content\/uploads\/2024\/01\/IMG-20240109-WA0015.jpg 1024w, https:\/\/samariteni.ro\/wp-content\/uploads\/2024\/01\/IMG-20240109-WA0015-300x188.jpg 300w, https:\/\/samariteni.ro\/wp-content\/uploads\/2024\/01\/IMG-20240109-WA0015-768x480.jpg 768w, https:\/\/samariteni.ro\/wp-content\/uploads\/2024\/01\/IMG-20240109-WA0015-600x375.jpg 600w\" sizes=\"(max-width: 1024px) 100vw, 1024px\" \/><\/figure>\n\n\n\n<figure class=\"wp-block-image size-large\"><img decoding=\"async\" width=\"960\" height=\"720\" data-id=\"400\" src=\"https:\/\/samariteni.ro\/wp-content\/uploads\/2024\/01\/IMG-20240109-WA0016.jpg\" alt=\"\" class=\"wp-image-400\" title=\"\" srcset=\"https:\/\/samariteni.ro\/wp-content\/uploads\/2024\/01\/IMG-20240109-WA0016.jpg 960w, https:\/\/samariteni.ro\/wp-content\/uploads\/2024\/01\/IMG-20240109-WA0016-300x225.jpg 300w, https:\/\/samariteni.ro\/wp-content\/uploads\/2024\/01\/IMG-20240109-WA0016-768x576.jpg 768w, https:\/\/samariteni.ro\/wp-content\/uploads\/2024\/01\/IMG-20240109-WA0016-600x450.jpg 600w\" sizes=\"(max-width: 960px) 100vw, 960px\" \/><\/figure>\n\n\n\n<figure class=\"wp-block-image size-large\"><img decoding=\"async\" width=\"768\" height=\"1024\" data-id=\"401\" src=\"https:\/\/samariteni.ro\/wp-content\/uploads\/2024\/01\/IMG-20240109-WA0017.jpg\" alt=\"\" class=\"wp-image-401\" title=\"\" srcset=\"https:\/\/samariteni.ro\/wp-content\/uploads\/2024\/01\/IMG-20240109-WA0017.jpg 768w, https:\/\/samariteni.ro\/wp-content\/uploads\/2024\/01\/IMG-20240109-WA0017-225x300.jpg 225w, https:\/\/samariteni.ro\/wp-content\/uploads\/2024\/01\/IMG-20240109-WA0017-600x800.jpg 600w\" sizes=\"(max-width: 768px) 100vw, 768px\" \/><\/figure>\n<\/figure>\n<\/div>\n","protected":false},"excerpt":{"rendered":"<p>L\u00e9gi sz\u00e1ll\u00edt\u00e1s Ez egy speci\u00e1lis orvosi sz\u00e1ll\u00edt\u00e1si szolg\u00e1ltat\u00e1s egy hemodinamikailag stabil beteg sz\u00e1m\u00e1ra, akit a rep\u00fcl\u00e9s sor\u00e1n v\u00e9gig orvosi szakember k\u00eds\u00e9r! Ezt a sz\u00e1ll\u00edt\u00e1si form\u00e1t a menetrend szerinti l\u00e9git\u00e1rsas\u00e1gok v\u00e9gzik ! A rep\u00fcl\u00e9s sor\u00e1n az eg\u00e9szs\u00e9g\u00fcgyi szem\u00e9lyzet v\u00e9gig figyelemmel k\u00eds\u00e9ri a beteg sz\u00fcks\u00e9gleteit, akinek \u00e9letfunkci\u00f3it&hellip;<\/p>\n","protected":false},"author":2,"featured_media":704,"parent":0,"menu_order":0,"comment_status":"closed","ping_status":"closed","template":"","meta":{"footnotes":""},"class_list":["post-743","page","type-page","status-publish","has-post-thumbnail","hentry"],"_links":{"self":[{"href":"https:\/\/samariteni.ro\/hu\/wp-json\/wp\/v2\/pages\/743","targetHints":{"allow":["GET"]}}],"collection":[{"href":"https:\/\/samariteni.ro\/hu\/wp-json\/wp\/v2\/pages"}],"about":[{"href":"https:\/\/samariteni.ro\/hu\/wp-json\/wp\/v2\/types\/page"}],"author":[{"embeddable":true,"href":"https:\/\/samariteni.ro\/hu\/wp-json\/wp\/v2\/users\/2"}],"replies":[{"embeddable":true,"href":"https:\/\/samariteni.ro\/hu\/wp-json\/wp\/v2\/comments?post=743"}],"version-history":[{"count":4,"href":"https:\/\/samariteni.ro\/hu\/wp-json\/wp\/v2\/pages\/743\/revisions"}],"predecessor-version":[{"id":796,"href":"https:\/\/samariteni.ro\/hu\/wp-json\/wp\/v2\/pages\/743\/revisions\/796"}],"wp:featuredmedia":[{"embeddable":true,"href":"https:\/\/samariteni.ro\/hu\/wp-json\/wp\/v2\/media\/704"}],"wp:attachment":[{"href":"https:\/\/samariteni.ro\/hu\/wp-json\/wp\/v2\/media?parent=743"}],"curies":[{"name":"wp","href":"https:\/\/api.w.org\/{rel}","templated":true}]}}