{"id":745,"date":"2024-01-06T19:35:57","date_gmt":"2024-01-06T16:35:57","guid":{"rendered":"https:\/\/samariteni.ro\/tratamente-medicale-la-domiciliu\/"},"modified":"2024-12-03T12:44:36","modified_gmt":"2024-12-03T09:44:36","slug":"otthoni-orvosi-kezelesi-szolgaltatasaink","status":"publish","type":"page","link":"https:\/\/samariteni.ro\/hu\/otthoni-orvosi-kezelesi-szolgaltatasaink\/","title":{"rendered":"Otthoni orvosi kezel\u00e9si szolg\u00e1ltat\u00e1saink"},"content":{"rendered":"\n<p class=\"has-text-align-center\" style=\"font-size:22px\">\u00dcdv\u00f6z\u00f6lj\u00fck a Samaritenii Ment\u0151szolg\u00e1latn\u00e1l, ahol az \u00d6n eg\u00e9szs\u00e9ge \u00e9s k\u00e9nyelme a legfontosabb sz\u00e1munkra. Tiszt\u00e1ban vagyunk azzal, mennyire fontos a gy\u00f3gyul\u00e1s a megszokott k\u00f6rnyezetben, ez\u00e9rt otthon\u00e1ba hozzuk a legmagasabb sz\u00ednvonal\u00fa orvosi szolg\u00e1ltat\u00e1sokat. <\/p>\n\n\n\n<p class=\"has-text-align-center\" style=\"font-size:33px\">Fedezze fel Otthoni Szolg\u00e1ltat\u00e1saink El\u0151nyeit:<\/p>\n\n\n\n<p><\/p>\n\n\n\n<ul class=\"wp-block-list\">\n<li style=\"font-size:16px\"><strong><mark style=\"background-color:rgba(0, 0, 0, 0)\" class=\"has-inline-color has-primary-color\">Biol\u00f3giai Minta V\u00e9tele<\/mark><\/strong>: Ker\u00fclje el a f\u00e1raszt\u00f3 utaz\u00e1sokat \u00e9s a hossz\u00fa v\u00e1rakoz\u00e1sokat. Mi \u00d6nh\u00f6z megy\u00fcnk, hogy v\u00e9rt vagy vizeletet vegy\u00fcnk, biztos\u00edtva ezzel az \u00d6n k\u00e9nyelm\u00e9t \u00e9s diszkr\u00e9ci\u00f3j\u00e1t. <\/li>\n<\/ul>\n\n\n\n<ul class=\"wp-block-list\">\n<li><strong><mark style=\"background-color:rgba(0, 0, 0, 0)\" class=\"has-inline-color has-primary-color\">Gyors<\/mark><\/strong> \u00e9s Hat\u00e9kony <strong><mark style=\"background-color:rgba(0, 0, 0, 0)\" class=\"has-inline-color has-primary-color\">Tesztek<\/mark><\/strong>: <strong>V\u00e9rcukorszint<\/strong>, <strong><mark style=\"background-color:rgba(0, 0, 0, 0)\" class=\"has-inline-color has-primary-color\">h\u00fagy\u00fati fert\u0151z\u00e9sek<\/mark><\/strong>, <strong><mark style=\"background-color:rgba(0, 0, 0, 0)\" class=\"has-inline-color has-primary-color\">Covid-19, Influenza A \u00e9s B<\/mark><\/strong> &#8211; gyors \u00e9s pontos eredm\u00e9nyeket kap, an\u00e9lk\u00fcl, hogy elhagyn\u00e1 otthona biztons\u00e1g\u00e1t.<\/li>\n<\/ul>\n\n\n\n<ul class=\"wp-block-list\">\n<li><strong><mark style=\"background-color:rgba(0, 0, 0, 0)\" class=\"has-inline-color has-primary-color\">12 Vezet\u00e9kes Elektrokardiogram (EKG)<\/mark><\/strong>: Teljes k\u00f6r\u0171 sz\u00edvdiagnosztikai vizsg\u00e1latokat v\u00e9gz\u00fcnk otthon\u00e1ban.<\/li>\n<\/ul>\n\n\n\n<ul class=\"wp-block-list\">\n<li><strong><mark style=\"background-color:rgba(0, 0, 0, 0)\" class=\"has-inline-color has-primary-color\">Holter Monitoroz\u00e1s a V\u00e9rnyom\u00e1sra<\/mark><\/strong>: Folyamatos v\u00e9rnyom\u00e1s-monitoroz\u00e1sban r\u00e9szes\u00fclhet k\u00e9nyelmes \u00e9s ismer\u0151s k\u00f6rnyezet\u00e9ben, ami pontosabb eredm\u00e9nyeket ny\u00fajthat az eg\u00e9szs\u00e9gi \u00e1llapot\u00e1r\u00f3l.<\/li>\n<\/ul>\n\n\n\n<ul class=\"wp-block-list\">\n<li><strong><mark style=\"background-color:rgba(0, 0, 0, 0)\" class=\"has-inline-color has-primary-color\">\u00c9letfunkci\u00f3k Fel\u00fcgyelete<\/mark><\/strong>: Gondosan monitorozzuk a v\u00e9rnyom\u00e1st, a pulzust \u00e9s az oxig\u00e9nszintet, fejlett technol\u00f3gi\u00e1t haszn\u00e1lva, hogy nyugalmat \u00e9s magas sz\u00ednvonal\u00fa ell\u00e1t\u00e1st biztos\u00edtsunk \u00d6nnek.<\/li>\n<\/ul>\n\n\n\n<ul class=\"wp-block-list\">\n<li><strong><mark style=\"background-color:rgba(0, 0, 0, 0)\" class=\"has-inline-color has-primary-color\">Orvosi Kezel\u00e9sek Adminisztr\u00e1ci\u00f3ja<\/mark><\/strong>: Professzion\u00e1lis <strong><mark style=\"background-color:rgba(0, 0, 0, 0)\" class=\"has-inline-color has-primary-color\">injekci\u00f3kat \u00e9s inf\u00fazi\u00f3kat<\/mark><\/strong> v\u00e9geznek otthon\u00e1ban, ezzel cs\u00f6kkentve az orvosi elj\u00e1r\u00e1sokkal kapcsolatos szorong\u00e1st.<\/li>\n<\/ul>\n\n\n\n<ul class=\"wp-block-list\">\n<li><strong><mark style=\"background-color:rgba(0, 0, 0, 0)\" class=\"has-inline-color has-primary-color\">M\u0171t\u00e9t Ut\u00e1ni Sebkezel\u00e9s<\/mark><\/strong>: Otthon\u00e1ban v\u00e9gzett k\u00f6t\u00f6z\u00e9sekkel \u00e9s ut\u00f3kezel\u00e9sekkel gyors\u00edtjuk a gy\u00f3gyul\u00e1si folyamatot \u00e9s cs\u00f6kkentj\u00fck a fert\u0151z\u00e9s kock\u00e1zat\u00e1t.<\/li>\n<\/ul>\n\n\n\n<ul class=\"wp-block-list\">\n<li><strong><mark style=\"background-color:rgba(0, 0, 0, 0)\" class=\"has-inline-color has-primary-color\">Seb- \u00e9s Kapocselt\u00e1vol\u00edt\u00e1s<\/mark><\/strong>: A varratszed\u00e9st \u00e9s kapocselt\u00e1vol\u00edt\u00e1st \u00f3vatosan \u00e9s professzion\u00e1lisan v\u00e9gezz\u00fck, k\u00e9nyelmes \u00e9s priv\u00e1t k\u00f6rnyezetben.<\/li>\n<\/ul>\n\n\n\n<ul class=\"wp-block-list\">\n<li><strong><mark style=\"background-color:rgba(0, 0, 0, 0)\" class=\"has-inline-color has-primary-color\">Orvosi Eszk\u00f6z\u00f6k B\u00e9rl\u00e9se<\/mark><\/strong>: Man\u00f3k, j\u00e1r\u00f3keretek, dekubitusz matracok \u00e9s egy\u00e9b eszk\u00f6z\u00f6k b\u00e9rl\u00e9s\u00e9t k\u00edn\u00e1ljuk, hogy megk\u00f6nny\u00edts\u00fck a gy\u00f3gyul\u00e1st otthon\u00e1ban.<\/li>\n<\/ul>\n\n\n\n<p style=\"font-size:22px\">A Samaritenii Ment\u0151szolg\u00e1latn\u00e1l elk\u00f6telezettek vagyunk amellett, hogy otthoni orvosi ell\u00e1t\u00e1st ny\u00fajtsunk \u00d6nnek, amely a professzionalizmust, a k\u00e9nyelmet \u00e9s a szem\u00e9lyre szabott figyelmet \u00f6tv\u00f6zi.<\/p>\n\n\n\n<p style=\"font-size:22px\"> Vegye fel vel\u00fcnk a kapcsolatot, hogy \u00e9lvezhesse szolg\u00e1ltat\u00e1sainkat, \u00e9s tegye meg az els\u0151 l\u00e9p\u00e9st a gyors \u00e9s k\u00e9nyelmes otthoni gy\u00f3gyul\u00e1s fel\u00e9.<\/p>\n\n\n\n<figure class=\"wp-block-gallery has-nested-images columns-default is-cropped wp-block-gallery-1 is-layout-flex wp-block-gallery-is-layout-flex\">\n<figure class=\"wp-block-image size-large\"><img decoding=\"async\" width=\"1000\" height=\"679\" data-id=\"288\" src=\"https:\/\/samariteni.ro\/wp-content\/uploads\/2024\/01\/Infusion-therapy-equipment.jpg\" alt=\"\" class=\"wp-image-288\" title=\"\" srcset=\"https:\/\/samariteni.ro\/wp-content\/uploads\/2024\/01\/Infusion-therapy-equipment.jpg 1000w, https:\/\/samariteni.ro\/wp-content\/uploads\/2024\/01\/Infusion-therapy-equipment-300x204.jpg 300w, https:\/\/samariteni.ro\/wp-content\/uploads\/2024\/01\/Infusion-therapy-equipment-768x521.jpg 768w, https:\/\/samariteni.ro\/wp-content\/uploads\/2024\/01\/Infusion-therapy-equipment-600x407.jpg 600w\" sizes=\"(max-width: 1000px) 100vw, 1000px\" \/><\/figure>\n<\/figure>\n","protected":false},"excerpt":{"rendered":"<p>\u00dcdv\u00f6z\u00f6lj\u00fck a Samaritenii Ment\u0151szolg\u00e1latn\u00e1l, ahol az \u00d6n eg\u00e9szs\u00e9ge \u00e9s k\u00e9nyelme a legfontosabb sz\u00e1munkra. Tiszt\u00e1ban vagyunk azzal, mennyire fontos a gy\u00f3gyul\u00e1s a megszokott k\u00f6rnyezetben, ez\u00e9rt otthon\u00e1ba hozzuk a legmagasabb sz\u00ednvonal\u00fa orvosi szolg\u00e1ltat\u00e1sokat. Fedezze fel Otthoni Szolg\u00e1ltat\u00e1saink El\u0151nyeit: A Samaritenii Ment\u0151szolg\u00e1latn\u00e1l elk\u00f6telezettek vagyunk amellett, hogy otthoni orvosi&hellip;<\/p>\n","protected":false},"author":2,"featured_media":652,"parent":0,"menu_order":0,"comment_status":"closed","ping_status":"closed","template":"","meta":{"footnotes":""},"class_list":["post-745","page","type-page","status-publish","has-post-thumbnail","hentry"],"_links":{"self":[{"href":"https:\/\/samariteni.ro\/hu\/wp-json\/wp\/v2\/pages\/745","targetHints":{"allow":["GET"]}}],"collection":[{"href":"https:\/\/samariteni.ro\/hu\/wp-json\/wp\/v2\/pages"}],"about":[{"href":"https:\/\/samariteni.ro\/hu\/wp-json\/wp\/v2\/types\/page"}],"author":[{"embeddable":true,"href":"https:\/\/samariteni.ro\/hu\/wp-json\/wp\/v2\/users\/2"}],"replies":[{"embeddable":true,"href":"https:\/\/samariteni.ro\/hu\/wp-json\/wp\/v2\/comments?post=745"}],"version-history":[{"count":3,"href":"https:\/\/samariteni.ro\/hu\/wp-json\/wp\/v2\/pages\/745\/revisions"}],"predecessor-version":[{"id":797,"href":"https:\/\/samariteni.ro\/hu\/wp-json\/wp\/v2\/pages\/745\/revisions\/797"}],"wp:featuredmedia":[{"embeddable":true,"href":"https:\/\/samariteni.ro\/hu\/wp-json\/wp\/v2\/media\/652"}],"wp:attachment":[{"href":"https:\/\/samariteni.ro\/hu\/wp-json\/wp\/v2\/media?parent=745"}],"curies":[{"name":"wp","href":"https:\/\/api.w.org\/{rel}","templated":true}]}}