{"id":747,"date":"2024-01-10T05:44:43","date_gmt":"2024-01-10T02:44:43","guid":{"rendered":"https:\/\/samariteni.ro\/transport-pacienti\/"},"modified":"2025-10-28T12:04:17","modified_gmt":"2025-10-28T09:04:17","slug":"betegszallitas","status":"publish","type":"page","link":"https:\/\/samariteni.ro\/hu\/betegszallitas\/","title":{"rendered":"Serviciu de Transport Pacien\u021bi cu Ambulan\u021ba"},"content":{"rendered":"\n<p class=\"has-xmedium-font-size\">A betegsz\u00e1ll\u00edt\u00e1s rendk\u00edv\u00fcl fontos tev\u00e9kenys\u00e9g a Samaritenii Ment\u0151szolg\u00e1laton bel\u00fcl. A ment\u0151aut\u00f3kat orvosi berendez\u00e9sekkel, p\u00e9ld\u00e1ul l\u00e9legeztet\u0151g\u00e9pekkel, sz\u00edvmonitorokkal, defibrill\u00e1torokkal, gy\u00f3gyszeradagol\u00f3 berendez\u00e9sekkel \u00e9s egy\u00e9b sz\u00fcks\u00e9ges eszk\u00f6z\u00f6kkel szerelt\u00e9k fel a betegek sz\u00e1ll\u00edt\u00e1s k\u00f6zbeni megfigyel\u00e9s\u00e9hez \u00e9s kezel\u00e9s\u00e9hez, valamint szakk\u00e9pzett szem\u00e9lyzettel, hogy gyorsan reag\u00e1lhassanak a felmer\u00fcl\u0151 helyzetekre, \u00e9s a sz\u00e1ll\u00edt\u00e1s sor\u00e1n gondoz\u00e1st \u00e9s kezel\u00e9st ny\u00fajthassanak.<\/p>\n\n\n\n<p class=\"has-xmedium-font-size\">A ment\u0151sz\u00e1ll\u00edt\u00e1s \u00e1ltal\u00e1ban a k\u00f6vetkez\u0151 c\u00e9lokat szolg\u00e1lhatja:<\/p>\n\n\n\n<ol class=\"wp-block-list\">\n<li class=\"has-xmedium-font-size\"><strong><mark style=\"background-color:rgba(0, 0, 0, 0)\" class=\"has-inline-color has-primary-color\">A nemzetk\u00f6zi ment\u0151sz\u00e1ll\u00edt\u00e1s<\/mark><\/strong> a betegek k\u00fcl\u00f6nb\u00f6z\u0151 orsz\u00e1gok k\u00f6z\u00f6tti sz\u00e1ll\u00edt\u00e1s\u00e1t jelenti, speci\u00e1lisan felszerelt ment\u0151aut\u00f3val.\n<ul class=\"wp-block-list\">\n<li>Mi vagyunk az egyik olyan szakosodott v\u00e1llalat, amely nemzetk\u00f6zi ment\u0151sz\u00e1ll\u00edt\u00e1si szolg\u00e1ltat\u00e1sokat k\u00edn\u00e1l, \u00e9s amelynek orvosi szem\u00e9lyzet\u00e9t arra k\u00e9pezt\u00e9k ki, hogy seg\u00edts\u00e9get \u00e9s ell\u00e1t\u00e1st ny\u00fajtson az utaz\u00e1s sor\u00e1n. Ezek a ment\u0151aut\u00f3k k\u00fcl\u00f6nb\u00f6z\u0151 \u00e1llapot\u00fa vagy szakorvosi ell\u00e1t\u00e1st ig\u00e9nyl\u0151 betegek egyik orsz\u00e1g k\u00f3rh\u00e1z\u00e1b\u00f3l vagy klinik\u00e1j\u00e1r\u00f3l a m\u00e1sikba t\u00f6rt\u00e9n\u0151 sz\u00e1ll\u00edt\u00e1s\u00e1ra haszn\u00e1lhat\u00f3k.<\/li>\n\n\n\n<li>A ment\u0151aut\u00f3val t\u00f6rt\u00e9n\u0151 nemzetk\u00f6zi sz\u00e1ll\u00edt\u00e1st megel\u0151z\u0151en a beteg \u00e1llapot\u00e1nak gondos felm\u00e9r\u00e9s\u00e9t v\u00e9gzik el, hogy meg\u00e1llap\u00edts\u00e1k, sz\u00fcks\u00e9g van-e orvosi seg\u00edts\u00e9gre \u00e9s felszerel\u00e9sre az utaz\u00e1s sor\u00e1n. A sz\u00e1ll\u00edt\u00e1s\u00e9rt felel\u0151s orvosi csoport az utaz\u00e1s sor\u00e1n v\u00e9gig figyelemmel k\u00eds\u00e9ri a beteget, \u00e9s sz\u00fcks\u00e9g eset\u00e9n beavatkozik.<\/li>\n\n\n\n<li>A ment\u0151vel t\u00f6rt\u00e9n\u0151 nemzetk\u00f6zi sz\u00e1ll\u00edt\u00e1s a hat\u00e1r\u00e1tl\u00e9p\u00e9shez sz\u00fcks\u00e9ges dokumentumokkal kapcsolatos formalit\u00e1sokkal is j\u00e1rhat, \u00e9s bizonyos esetekben k\u00fcl\u00f6nleges enged\u00e9lyeket is ig\u00e9nyelhet. Fontos figyelembe venni az egyes orsz\u00e1gok szab\u00e1lyoz\u00e1s\u00e1t \u00e9s k\u00f6vetelm\u00e9nyeit a k\u00fclf\u00f6ldi ment\u0151aut\u00f3k ter\u00fclet\u00fckre val\u00f3 bejut\u00e1s\u00e1val kapcsolatban.<\/li>\n\n\n\n<li>A nemzetk\u00f6zi ment\u0151szolg\u00e1latok gondos tervez\u00e9st \u00e9s koordin\u00e1ci\u00f3t ig\u00e9nyelnek. Ez\u00e9rt aj\u00e1nlott, hogy ezeket a szolg\u00e1ltat\u00e1sokat olyan szakosodott c\u00e9ggel szerz\u0151djenek, amely rendelkezik tapasztalattal ezen a ter\u00fcleten, \u00e9s biztos\u00edtani tudja a beteg biztons\u00e1gos \u00e9s k\u00e9nyelmes utaz\u00e1s\u00e1t.<\/li>\n<\/ul>\n<\/li>\n\n\n\n<li class=\"has-xmedium-font-size\"><strong><mark style=\"background-color:rgba(0, 0, 0, 0)\" class=\"has-inline-color has-primary-color\">Tervezett sz\u00e1ll\u00edt\u00e1s<\/mark><\/strong>: ezt a fajta sz\u00e1ll\u00edt\u00e1st akkor v\u00e9gzik, ha a betegnek orvosi seg\u00edts\u00e9gre van sz\u00fcks\u00e9ge a k\u00f3rh\u00e1zba vagy kezel\u0151helyre t\u00f6rt\u00e9n\u0151 sz\u00e1ll\u00edt\u00e1s sor\u00e1n. Ide tartozhat a dial\u00edzisre, kemoter\u00e1pi\u00e1ra vagy egy\u00e9b rendszeres orvosi beavatkoz\u00e1sra (ortop\u00e9diai, kardiol\u00f3giai, neurol\u00f3giai stb.) szorul\u00f3 betegek sz\u00e1ll\u00edt\u00e1sa.<\/li>\n\n\n\n<li class=\"has-xmedium-font-size\"><strong><mark style=\"background-color:rgba(0, 0, 0, 0)\" class=\"has-inline-color has-primary-color\">K\u00f3rh\u00e1zak k\u00f6z\u00f6tti sz\u00e1ll\u00edt\u00e1s<\/mark><\/strong>: bizonyos esetekben a beteget egyik k\u00f3rh\u00e1zb\u00f3l a m\u00e1sikba kell sz\u00e1ll\u00edtani, hogy speci\u00e1lisabb kezel\u00e9st kapjon, vagy hogy hozz\u00e1f\u00e9rjen bizonyos orvosi szolg\u00e1ltat\u00e1sokhoz, amelyek az eredeti k\u00f3rh\u00e1zban nem \u00e1llnak rendelkez\u00e9sre. A ment\u0151aut\u00f3k az ilyen betegek k\u00f3rh\u00e1zak k\u00f6z\u00f6tti sz\u00e1ll\u00edt\u00e1s\u00e1ra haszn\u00e1lhat\u00f3k.<\/li>\n<\/ol>\n\n\n\n<p class=\"has-xmedium-font-size\">A sz\u00e1ll\u00edt\u00e1s sor\u00e1n a ment\u0151szolg\u00e1lat szem\u00e9lyzete felel\u0151s a beteg \u00e1llapot\u00e1nak megfigyel\u00e9s\u00e9\u00e9rt \u00e9s az aktu\u00e1lis orvosi protokolloknak megfelel\u0151 alapell\u00e1t\u00e1s\u00e9rt vagy speci\u00e1lis kezel\u00e9s\u00e9rt.<\/p>\n\n\n\n<figure class=\"wp-block-gallery has-nested-images columns-default is-cropped wp-block-gallery-1 is-layout-flex wp-block-gallery-is-layout-flex\">\n<figure class=\"wp-block-image size-large\"><img decoding=\"async\" width=\"2560\" height=\"1919\" data-id=\"571\" src=\"https:\/\/samariteni.ro\/wp-content\/uploads\/2024\/09\/cometa-fata-1-edited-scaled.jpg\" alt=\"\" class=\"wp-image-571\" title=\"\" srcset=\"https:\/\/samariteni.ro\/wp-content\/uploads\/2024\/09\/cometa-fata-1-edited-scaled.jpg 2560w, https:\/\/samariteni.ro\/wp-content\/uploads\/2024\/09\/cometa-fata-1-edited-300x225.jpg 300w, https:\/\/samariteni.ro\/wp-content\/uploads\/2024\/09\/cometa-fata-1-edited-1024x768.jpg 1024w, https:\/\/samariteni.ro\/wp-content\/uploads\/2024\/09\/cometa-fata-1-edited-768x576.jpg 768w, https:\/\/samariteni.ro\/wp-content\/uploads\/2024\/09\/cometa-fata-1-edited-1536x1151.jpg 1536w, https:\/\/samariteni.ro\/wp-content\/uploads\/2024\/09\/cometa-fata-1-edited-2048x1535.jpg 2048w, https:\/\/samariteni.ro\/wp-content\/uploads\/2024\/09\/cometa-fata-1-edited-600x450.jpg 600w\" sizes=\"(max-width: 2560px) 100vw, 2560px\" \/><\/figure>\n<\/figure>\n","protected":false},"excerpt":{"rendered":"<p>A betegsz\u00e1ll\u00edt\u00e1s rendk\u00edv\u00fcl fontos tev\u00e9kenys\u00e9g a Samaritenii Ment\u0151szolg\u00e1laton bel\u00fcl. A ment\u0151aut\u00f3kat orvosi berendez\u00e9sekkel, p\u00e9ld\u00e1ul l\u00e9legeztet\u0151g\u00e9pekkel, sz\u00edvmonitorokkal, defibrill\u00e1torokkal, gy\u00f3gyszeradagol\u00f3 berendez\u00e9sekkel \u00e9s egy\u00e9b sz\u00fcks\u00e9ges eszk\u00f6z\u00f6kkel szerelt\u00e9k fel a betegek sz\u00e1ll\u00edt\u00e1s k\u00f6zbeni megfigyel\u00e9s\u00e9hez \u00e9s kezel\u00e9s\u00e9hez, valamint szakk\u00e9pzett szem\u00e9lyzettel, hogy gyorsan reag\u00e1lhassanak a felmer\u00fcl\u0151 helyzetekre, \u00e9s a sz\u00e1ll\u00edt\u00e1s sor\u00e1n&hellip;<\/p>\n","protected":false},"author":2,"featured_media":728,"parent":0,"menu_order":0,"comment_status":"closed","ping_status":"closed","template":"","meta":{"footnotes":""},"class_list":["post-747","page","type-page","status-publish","has-post-thumbnail","hentry"],"_links":{"self":[{"href":"https:\/\/samariteni.ro\/hu\/wp-json\/wp\/v2\/pages\/747","targetHints":{"allow":["GET"]}}],"collection":[{"href":"https:\/\/samariteni.ro\/hu\/wp-json\/wp\/v2\/pages"}],"about":[{"href":"https:\/\/samariteni.ro\/hu\/wp-json\/wp\/v2\/types\/page"}],"author":[{"embeddable":true,"href":"https:\/\/samariteni.ro\/hu\/wp-json\/wp\/v2\/users\/2"}],"replies":[{"embeddable":true,"href":"https:\/\/samariteni.ro\/hu\/wp-json\/wp\/v2\/comments?post=747"}],"version-history":[{"count":4,"href":"https:\/\/samariteni.ro\/hu\/wp-json\/wp\/v2\/pages\/747\/revisions"}],"predecessor-version":[{"id":909,"href":"https:\/\/samariteni.ro\/hu\/wp-json\/wp\/v2\/pages\/747\/revisions\/909"}],"wp:featuredmedia":[{"embeddable":true,"href":"https:\/\/samariteni.ro\/hu\/wp-json\/wp\/v2\/media\/728"}],"wp:attachment":[{"href":"https:\/\/samariteni.ro\/hu\/wp-json\/wp\/v2\/media?parent=747"}],"curies":[{"name":"wp","href":"https:\/\/api.w.org\/{rel}","templated":true}]}}