{"id":779,"date":"2024-02-11T11:29:45","date_gmt":"2024-02-11T08:29:45","guid":{"rendered":"https:\/\/samariteni.ro\/istvan-h\/"},"modified":"2025-03-31T16:18:59","modified_gmt":"2025-03-31T13:18:59","slug":"istvan-h","status":"publish","type":"page","link":"https:\/\/samariteni.ro\/hu\/istvan-h\/","title":{"rendered":"Istv\u00e1n H"},"content":{"rendered":"\n<p>Horatiu elk\u00f6telezett \u00e9s nagy hozz\u00e1\u00e9rt\u00e9ssel rendelkez\u0151 \u00e1pol\u00f3 a Samariten csapat\u00e1ban. Empatikus megk\u00f6zel\u00edt\u00e9s\u00e9vel \u00e9s a r\u00e1szorul\u00f3k seg\u00edt\u00e9s\u00e9nek szenved\u00e9ly\u00e9vel megnyugtat\u00f3 \u00e9s megb\u00edzhat\u00f3 jelenl\u00e9tet biztos\u00edt a betegek sz\u00e1m\u00e1ra. Kem\u00e9ny munk\u00e1ja \u00e9s a szakm\u00e1ja ir\u00e1nti elk\u00f6telezetts\u00e9ge egy\u00e9rtelm\u0171en t\u00fckr\u00f6z\u0151dik az \u00e1ltala ny\u00fajtott ell\u00e1t\u00e1s min\u0151s\u00e9g\u00e9ben. Horatiuval a csapatban nem k\u00e9ts\u00e9ges, hogy azok, akik a szamarit\u00e1nusokhoz fordulnak, j\u00f3 kezekben vannak, \u00e9s megkapj\u00e1k a neh\u00e9z id\u0151kben sz\u00fcks\u00e9ges ell\u00e1t\u00e1st.<\/p>\n","protected":false},"excerpt":{"rendered":"<p>Horatiu elk\u00f6telezett \u00e9s nagy hozz\u00e1\u00e9rt\u00e9ssel rendelkez\u0151 \u00e1pol\u00f3 a Samariten csapat\u00e1ban. Empatikus megk\u00f6zel\u00edt\u00e9s\u00e9vel \u00e9s a r\u00e1szorul\u00f3k seg\u00edt\u00e9s\u00e9nek szenved\u00e9ly\u00e9vel megnyugtat\u00f3 \u00e9s megb\u00edzhat\u00f3 jelenl\u00e9tet biztos\u00edt a betegek sz\u00e1m\u00e1ra. Kem\u00e9ny munk\u00e1ja \u00e9s a szakm\u00e1ja ir\u00e1nti elk\u00f6telezetts\u00e9ge egy\u00e9rtelm\u0171en t\u00fckr\u00f6z\u0151dik az \u00e1ltala ny\u00fajtott ell\u00e1t\u00e1s min\u0151s\u00e9g\u00e9ben. Horatiuval a csapatban nem k\u00e9ts\u00e9ges, hogy&hellip;<\/p>\n","protected":false},"author":1,"featured_media":0,"parent":0,"menu_order":0,"comment_status":"closed","ping_status":"closed","template":"","meta":{"footnotes":""},"class_list":["post-779","page","type-page","status-publish","hentry"],"_links":{"self":[{"href":"https:\/\/samariteni.ro\/hu\/wp-json\/wp\/v2\/pages\/779","targetHints":{"allow":["GET"]}}],"collection":[{"href":"https:\/\/samariteni.ro\/hu\/wp-json\/wp\/v2\/pages"}],"about":[{"href":"https:\/\/samariteni.ro\/hu\/wp-json\/wp\/v2\/types\/page"}],"author":[{"embeddable":true,"href":"https:\/\/samariteni.ro\/hu\/wp-json\/wp\/v2\/users\/1"}],"replies":[{"embeddable":true,"href":"https:\/\/samariteni.ro\/hu\/wp-json\/wp\/v2\/comments?post=779"}],"version-history":[{"count":4,"href":"https:\/\/samariteni.ro\/hu\/wp-json\/wp\/v2\/pages\/779\/revisions"}],"predecessor-version":[{"id":885,"href":"https:\/\/samariteni.ro\/hu\/wp-json\/wp\/v2\/pages\/779\/revisions\/885"}],"wp:attachment":[{"href":"https:\/\/samariteni.ro\/hu\/wp-json\/wp\/v2\/media?parent=779"}],"curies":[{"name":"wp","href":"https:\/\/api.w.org\/{rel}","templated":true}]}}