{"id":783,"date":"2024-02-11T11:25:04","date_gmt":"2024-02-11T08:25:04","guid":{"rendered":"https:\/\/samariteni.ro\/octavian-b\/"},"modified":"2025-03-31T16:17:59","modified_gmt":"2025-03-31T13:17:59","slug":"octavian-b","status":"publish","type":"page","link":"https:\/\/samariteni.ro\/hu\/octavian-b\/","title":{"rendered":"Octavian B"},"content":{"rendered":"\n<p>Horatiu nemcsak kiv\u00e1l\u00f3 \u00e1pol\u00f3, hanem egy rendk\u00edv\u00fcli ember is. Azokban a pillanatokban, amikor eg\u00e9szs\u00e9g\u00fcgyi probl\u00e9m\u00e1kkal k\u00fczd\u00f6ttem, Horatiu mellettem \u00e1llt, \u00e9s nemcsak magas szint\u0171 orvosi ell\u00e1t\u00e1st ny\u00fajtott, hanem egy v\u00e1llat is, amelyre t\u00e1maszkodhattam, \u00e9s egy figyelmes f\u00fclet, amely meghallgatott. Emp\u00e1ti\u00e1ja \u00e9s szakmai hozz\u00e1\u00e9rt\u00e9se d\u00f6nt\u0151 szerepet j\u00e1tszott a gy\u00f3gyul\u00e1somban. H\u00e1l\u00e1s vagyok, hogy a Szamarit\u00e1nus csapat tagja, \u00e9s tudom, hogy sokan m\u00e1sok is osztoznak ebben a h\u00e1l\u00e1ban. Horatiu egy f\u00e9nyl\u0151 csillag az eg\u00e9szs\u00e9g\u00fcgy vil\u00e1g\u00e1ban, \u00e9s \u00e1ld\u00e1s mindazoknak, akiknek szerencs\u00e9j\u00fck van tal\u00e1lkozni vele.<\/p>\n","protected":false},"excerpt":{"rendered":"<p>Horatiu nemcsak kiv\u00e1l\u00f3 \u00e1pol\u00f3, hanem egy rendk\u00edv\u00fcli ember is. Azokban a pillanatokban, amikor eg\u00e9szs\u00e9g\u00fcgyi probl\u00e9m\u00e1kkal k\u00fczd\u00f6ttem, Horatiu mellettem \u00e1llt, \u00e9s nemcsak magas szint\u0171 orvosi ell\u00e1t\u00e1st ny\u00fajtott, hanem egy v\u00e1llat is, amelyre t\u00e1maszkodhattam, \u00e9s egy figyelmes f\u00fclet, amely meghallgatott. Emp\u00e1ti\u00e1ja \u00e9s szakmai hozz\u00e1\u00e9rt\u00e9se d\u00f6nt\u0151 szerepet j\u00e1tszott&hellip;<\/p>\n","protected":false},"author":1,"featured_media":0,"parent":0,"menu_order":0,"comment_status":"closed","ping_status":"closed","template":"","meta":{"footnotes":""},"class_list":["post-783","page","type-page","status-publish","hentry"],"_links":{"self":[{"href":"https:\/\/samariteni.ro\/hu\/wp-json\/wp\/v2\/pages\/783","targetHints":{"allow":["GET"]}}],"collection":[{"href":"https:\/\/samariteni.ro\/hu\/wp-json\/wp\/v2\/pages"}],"about":[{"href":"https:\/\/samariteni.ro\/hu\/wp-json\/wp\/v2\/types\/page"}],"author":[{"embeddable":true,"href":"https:\/\/samariteni.ro\/hu\/wp-json\/wp\/v2\/users\/1"}],"replies":[{"embeddable":true,"href":"https:\/\/samariteni.ro\/hu\/wp-json\/wp\/v2\/comments?post=783"}],"version-history":[{"count":4,"href":"https:\/\/samariteni.ro\/hu\/wp-json\/wp\/v2\/pages\/783\/revisions"}],"predecessor-version":[{"id":884,"href":"https:\/\/samariteni.ro\/hu\/wp-json\/wp\/v2\/pages\/783\/revisions\/884"}],"wp:attachment":[{"href":"https:\/\/samariteni.ro\/hu\/wp-json\/wp\/v2\/media?parent=783"}],"curies":[{"name":"wp","href":"https:\/\/api.w.org\/{rel}","templated":true}]}}